{"id":4558,"date":"2024-02-17T17:25:12","date_gmt":"2024-02-17T17:25:12","guid":{"rendered":"https:\/\/resonatamusic.com\/?post_type=product&#038;p=4558"},"modified":"2024-02-17T17:27:20","modified_gmt":"2024-02-17T17:27:20","slug":"de-falla-cuatro-piezas-espanolas-for-brass-dectet-pdf-download","status":"publish","type":"product","link":"https:\/\/resonatamusic.com\/?product=de-falla-cuatro-piezas-espanolas-for-brass-dectet-pdf-download","title":{"rendered":"De Falla \u2013 Cuatro Piezas Espa\u00f1olas for Brass Dectet (PDF Download)"},"content":{"rendered":"<p class=\"p1\"><span class=\"s1\">The Spanish composer Manuel de Falla wrote his <i>Cuatro Piezas Espa\u00f1olas<\/i> in 1914, whilst working and studying in Paris. It was here that de Falla met his fellow countryman Isaac Alb\u00e9niz, and the <i>Cuatro Piezas Espa\u00f1olas<\/i> are dedicated to him. Indeed, in its format, the suite is clearly an homage to Alb\u00e9niz\u2019s piano music; each of the four movements references folk music from a different region of Spain. De Falla\u2019s style was, however, somewhat more developed than Alb\u00e9niz\u2019s, and he was influenced by several emerging early twentieth-century composers, most notably Claude Debussy and Maurice Ravel. Accordingly, the <i>Cuatro Piezas Espa\u00f1olas<\/i> bear traces of the impressionist style cultivated in France during this period, which imbues the music with a uniquely international flavour.<\/span><\/p>\n<p>Parts included:<\/p>\n<ul>\n<li>Score<\/li>\n<li>Trumpet 1 in E-flat<\/li>\n<li>Trumpet 2 in B-flat<\/li>\n<li>Trumpet 3 in B-flat (Doubling Piccolo in B-flat)<\/li>\n<li>Trumpet 4 in B-flat (Doubling Flugelhorn in B-flat)<\/li>\n<li>Horn in F<\/li>\n<li>Trombone 1<\/li>\n<li>Trombone 2<\/li>\n<li>Trombone 3<\/li>\n<li>Trombone 4 (Bass)<\/li>\n<li>Tuba<\/li>\n<\/ul>\n<p class=\"p1\">Purchasing this product entitles you to download it three times. You will receive an email with a link to download your files upon completing payment.<\/p>\n","protected":false},"excerpt":{"rendered":"<p>The Spanish composer Manuel de Falla wrote his Cuatro Piezas Espa\u00f1olas in 1914, whilst working and studying in Paris. It was here that de Falla met his fellow countryman Isaac Alb\u00e9niz, and the Cuatro Piezas Espa\u00f1olas are dedicated to him. Indeed, in its format, the suite is clearly an homage to Alb\u00e9niz\u2019s piano music; each  [&#8230;]<\/p>\n","protected":false},"featured_media":2459,"comment_status":"closed","ping_status":"closed","template":"","meta":[],"product_brand":[],"product_cat":[1024],"product_tag":[],"class_list":{"0":"post-4558","1":"product","2":"type-product","3":"status-publish","4":"has-post-thumbnail","6":"product_cat-download","7":"pa_arranger-foster-william","8":"pa_composer-de-falla-manuel","9":"pa_ensemble-size-10-parts","10":"pa_instrumentation-brass-dectet","11":"pa_length-10-15-mins","12":"pa_style-romantic","13":"pa_type-sheet-music-download-sheet-music","15":"first","16":"instock","17":"downloadable","18":"virtual","19":"purchasable","20":"product-type-simple"},"jetpack_sharing_enabled":true,"_links":{"self":[{"href":"https:\/\/resonatamusic.com\/index.php?rest_route=\/wp\/v2\/product\/4558","targetHints":{"allow":["GET"]}}],"collection":[{"href":"https:\/\/resonatamusic.com\/index.php?rest_route=\/wp\/v2\/product"}],"about":[{"href":"https:\/\/resonatamusic.com\/index.php?rest_route=\/wp\/v2\/types\/product"}],"replies":[{"embeddable":true,"href":"https:\/\/resonatamusic.com\/index.php?rest_route=%2Fwp%2Fv2%2Fcomments&post=4558"}],"wp:featuredmedia":[{"embeddable":true,"href":"https:\/\/resonatamusic.com\/index.php?rest_route=\/wp\/v2\/media\/2459"}],"wp:attachment":[{"href":"https:\/\/resonatamusic.com\/index.php?rest_route=%2Fwp%2Fv2%2Fmedia&parent=4558"}],"wp:term":[{"taxonomy":"product_brand","embeddable":true,"href":"https:\/\/resonatamusic.com\/index.php?rest_route=%2Fwp%2Fv2%2Fproduct_brand&post=4558"},{"taxonomy":"product_cat","embeddable":true,"href":"https:\/\/resonatamusic.com\/index.php?rest_route=%2Fwp%2Fv2%2Fproduct_cat&post=4558"},{"taxonomy":"product_tag","embeddable":true,"href":"https:\/\/resonatamusic.com\/index.php?rest_route=%2Fwp%2Fv2%2Fproduct_tag&post=4558"}],"curies":[{"name":"wp","href":"https:\/\/api.w.org\/{rel}","templated":true}]}}