{"id":4213,"date":"2024-02-13T13:09:00","date_gmt":"2024-02-13T13:09:00","guid":{"rendered":"https:\/\/resonatamusic.com\/?post_type=product&#038;p=4213"},"modified":"2024-02-14T10:00:20","modified_gmt":"2024-02-14T10:00:20","slug":"faure-madrigal-for-brass-quartet-piano-pdf-download","status":"publish","type":"product","link":"https:\/\/resonatamusic.com\/?product=faure-madrigal-for-brass-quartet-piano-pdf-download","title":{"rendered":"Faur\u00e9 &#8211; Madrigal for Brass Quartet &#038; Piano (PDF Download)"},"content":{"rendered":"<p>Faur\u00e9 wrote his <i>Madrigal <\/i>for 4 voices and piano in 1883, during his period as choirmaster at the \u00c9glise de la Madeleine in Paris. He had begun to enjoy some success as a composer, particularly following the premi\u00e8re of his first violin sonata in 1877, and this work came at an important time in Faur\u00e9\u2019s personal life as he both got married to and had his first child by Marie Fremiet.<\/p>\n<p>The <i>Madrigal <\/i>references the Renaissance tradition through its use of imitative contrapuntal writing, and of course its title. The music is a setting of a poem by Armand Silvestre, and was written as a wedding present to Andr\u00e9 Messager, a former pupil and lifelong friend of Faur\u00e9\u2019s.<\/p>\n<p>Parts included:<\/p>\n<ul>\n<li>Score<\/li>\n<li>Piano<\/li>\n<li>Trumpet 1 in B-flat<\/li>\n<li>Trumpet 2 in B-flat<\/li>\n<li>Horn in F<\/li>\n<li>Trombone<\/li>\n<\/ul>\n<p class=\"p1\">Purchasing this product entitles you to download it three times. You will receive an email with a link to download your files upon completing payment.<\/p>\n","protected":false},"excerpt":{"rendered":"<p>Faur\u00e9 wrote his Madrigal for 4 voices and piano in 1883, during his period as choirmaster at the \u00c9glise de la Madeleine in Paris. He had begun to enjoy some success as a composer, particularly following the premi\u00e8re of his first violin sonata in 1877, and this work came at an important time in Faur\u00e9\u2019s  [&#8230;]<\/p>\n","protected":false},"featured_media":679,"comment_status":"closed","ping_status":"closed","template":"","meta":[],"product_brand":[],"product_cat":[1024],"product_tag":[],"class_list":{"0":"post-4213","1":"product","2":"type-product","3":"status-publish","4":"has-post-thumbnail","6":"product_cat-download","7":"pa_arranger-couturier-jean-louis","8":"pa_composer-faure-gabriel","9":"pa_ensemble-size-keyboard-4-parts","10":"pa_instrumentation-brass-multiple-piano","11":"pa_length-less-than-5-mins","12":"pa_style-romantic","13":"pa_type-sheet-music-download-sheet-music","15":"first","16":"instock","17":"downloadable","18":"virtual","19":"purchasable","20":"product-type-simple"},"jetpack_sharing_enabled":true,"_links":{"self":[{"href":"https:\/\/resonatamusic.com\/index.php?rest_route=\/wp\/v2\/product\/4213","targetHints":{"allow":["GET"]}}],"collection":[{"href":"https:\/\/resonatamusic.com\/index.php?rest_route=\/wp\/v2\/product"}],"about":[{"href":"https:\/\/resonatamusic.com\/index.php?rest_route=\/wp\/v2\/types\/product"}],"replies":[{"embeddable":true,"href":"https:\/\/resonatamusic.com\/index.php?rest_route=%2Fwp%2Fv2%2Fcomments&post=4213"}],"wp:featuredmedia":[{"embeddable":true,"href":"https:\/\/resonatamusic.com\/index.php?rest_route=\/wp\/v2\/media\/679"}],"wp:attachment":[{"href":"https:\/\/resonatamusic.com\/index.php?rest_route=%2Fwp%2Fv2%2Fmedia&parent=4213"}],"wp:term":[{"taxonomy":"product_brand","embeddable":true,"href":"https:\/\/resonatamusic.com\/index.php?rest_route=%2Fwp%2Fv2%2Fproduct_brand&post=4213"},{"taxonomy":"product_cat","embeddable":true,"href":"https:\/\/resonatamusic.com\/index.php?rest_route=%2Fwp%2Fv2%2Fproduct_cat&post=4213"},{"taxonomy":"product_tag","embeddable":true,"href":"https:\/\/resonatamusic.com\/index.php?rest_route=%2Fwp%2Fv2%2Fproduct_tag&post=4213"}],"curies":[{"name":"wp","href":"https:\/\/api.w.org\/{rel}","templated":true}]}}