{"id":3424,"date":"2022-04-21T09:17:16","date_gmt":"2022-04-21T09:17:16","guid":{"rendered":"https:\/\/resonatamusic.com\/?post_type=product&#038;p=3424"},"modified":"2023-02-11T15:15:29","modified_gmt":"2023-02-11T15:15:29","slug":"faure-apres-un-reve-for-horn-piano-pdf-download","status":"publish","type":"product","link":"https:\/\/resonatamusic.com\/?product=faure-apres-un-reve-for-horn-piano-pdf-download","title":{"rendered":"Faur\u00e9 &#8211; Apr\u00e8s un r\u00eave for Horn &#038; Piano (PDF Download)"},"content":{"rendered":"<p>As a composer whose life bridged the end of romanticism and the beginning of modernism, Gabriel Faur\u00e9 is often heralded as the foremost French musician of his generation. A talented organist and pianist, he was later to become director of the Paris Conservatoire. His output includes a diverse selection of chamber music, as well as the famous <i>Pavane <\/i>and <i>Requiem.<\/i><\/p>\n<p>One of Faur\u00e9\u2019s most beloved songs, <i>Apr\u00e8s un r\u00eave<\/i> was published in 1878, later becoming the first in a set of <i>Trois m\u00e9lodies Op. <\/i>7. Composed to the text of an anonymous Tuscan poem (freely translated into French by the eminent writer and baritone Romain Bussine), it is dedicated to Madame Marguerite Baugnies &#8211; a married woman &#8211; but an influential friend\u00a0 of Faur\u00e9 and a notorious Parisian matchmaker. In a sensitive and emotionally revealing narration, it tells the story of a romantic encounter to which the raconteur longs to return, only to abruptly awaken and discover the ecstatic falsehood of his fantasy.<\/p>\n<p>As perhaps the most famous art song of the French repertoire, <i>Apr\u00e8s un r\u00eave <\/i>has been arranged for numerous solo instruments, most notably by the virtuoso cellist Pablo Casals.<\/p>\n<p>Parts included:<\/p>\n<ul>\n<li>Piano<\/li>\n<li>Horn in F<\/li>\n<\/ul>\n<p>Purchasing this product entitles you to download it three times. You will receive an email with a link to download your files upon completing payment.<\/p>\n","protected":false},"excerpt":{"rendered":"<p>As a composer whose life bridged the end of romanticism and the beginning of modernism, Gabriel Faur\u00e9 is often heralded as the foremost French musician of his generation. A talented organist and pianist, he was later to become director of the Paris Conservatoire. His output includes a diverse selection of chamber music, as well as  [&#8230;]<\/p>\n","protected":false},"featured_media":2355,"comment_status":"closed","ping_status":"closed","template":"","meta":[],"product_brand":[],"product_cat":[1024],"product_tag":[],"class_list":{"0":"post-3424","1":"product","2":"type-product","3":"status-publish","4":"has-post-thumbnail","6":"product_cat-download","7":"pa_arranger-morgan-huw","8":"pa_composer-faure-gabriel","9":"pa_instrumentation-horn-piano","10":"pa_length-less-than-5-mins","11":"pa_series-vocalise-series-horn","12":"pa_style-romantic","13":"pa_type-sheet-music-download-download","15":"first","16":"instock","17":"downloadable","18":"virtual","19":"purchasable","20":"product-type-simple"},"jetpack_sharing_enabled":true,"_links":{"self":[{"href":"https:\/\/resonatamusic.com\/index.php?rest_route=\/wp\/v2\/product\/3424","targetHints":{"allow":["GET"]}}],"collection":[{"href":"https:\/\/resonatamusic.com\/index.php?rest_route=\/wp\/v2\/product"}],"about":[{"href":"https:\/\/resonatamusic.com\/index.php?rest_route=\/wp\/v2\/types\/product"}],"replies":[{"embeddable":true,"href":"https:\/\/resonatamusic.com\/index.php?rest_route=%2Fwp%2Fv2%2Fcomments&post=3424"}],"wp:featuredmedia":[{"embeddable":true,"href":"https:\/\/resonatamusic.com\/index.php?rest_route=\/wp\/v2\/media\/2355"}],"wp:attachment":[{"href":"https:\/\/resonatamusic.com\/index.php?rest_route=%2Fwp%2Fv2%2Fmedia&parent=3424"}],"wp:term":[{"taxonomy":"product_brand","embeddable":true,"href":"https:\/\/resonatamusic.com\/index.php?rest_route=%2Fwp%2Fv2%2Fproduct_brand&post=3424"},{"taxonomy":"product_cat","embeddable":true,"href":"https:\/\/resonatamusic.com\/index.php?rest_route=%2Fwp%2Fv2%2Fproduct_cat&post=3424"},{"taxonomy":"product_tag","embeddable":true,"href":"https:\/\/resonatamusic.com\/index.php?rest_route=%2Fwp%2Fv2%2Fproduct_tag&post=3424"}],"curies":[{"name":"wp","href":"https:\/\/api.w.org\/{rel}","templated":true}]}}