{"id":3418,"date":"2022-04-21T09:14:22","date_gmt":"2022-04-21T09:14:22","guid":{"rendered":"https:\/\/resonatamusic.com\/?post_type=product&#038;p=3418"},"modified":"2023-02-11T15:15:29","modified_gmt":"2023-02-11T15:15:29","slug":"delibes-les-filles-de-cadix-for-horn-piano-pdf-download","status":"publish","type":"product","link":"https:\/\/resonatamusic.com\/?product=delibes-les-filles-de-cadix-for-horn-piano-pdf-download","title":{"rendered":"Delibes &#8211; Les Filles de Cadix for Horn &#038; Piano (PDF Download)"},"content":{"rendered":"<p>After completing his studies at the Paris Conservatoire, Delibes worked as an accompanist at the Th\u00e9\u00e2tre-Lyrique, later moving to the position of second chorus master at the Op\u00e9ra de Paris. He is most noted as a composer of ballet and opera-comique, particularly <i>Copp\u00e9lia<\/i> (1870), and <i>Lakm\u00e9<\/i> (1883).<\/p>\n<p>Set to a text by the French poet Louis de Musset, Delibes composed <i>Les filles de Cadix<\/i> in 1874, at the height of France\u2019s nineteenth-century obsession with exotic sights and sounds. The Spanish port of Cadix (or C\u00e1diz) lies at this cultural crossroads &#8211; its western tip facing Morocco &#8211; and the song paints a colourful musical portrait of the city\u2019s girls, with flamenco-infused rhythms underpinning the seductive melody.<\/p>\n<p>Parts included:<\/p>\n<ul>\n<li>Piano<\/li>\n<li>Horn in F<\/li>\n<\/ul>\n<p>Purchasing this product entitles you to download it three times. You will receive an email with a link to download your files upon completing payment.<\/p>\n","protected":false},"excerpt":{"rendered":"<p>After completing his studies at the Paris Conservatoire, Delibes worked as an accompanist at the Th\u00e9\u00e2tre-Lyrique, later moving to the position of second chorus master at the Op\u00e9ra de Paris. He is most noted as a composer of ballet and opera-comique, particularly Copp\u00e9lia (1870), and Lakm\u00e9 (1883). Set to a text by the French poet  [&#8230;]<\/p>\n","protected":false},"featured_media":2353,"comment_status":"closed","ping_status":"closed","template":"","meta":[],"product_brand":[],"product_cat":[1024],"product_tag":[],"class_list":{"0":"post-3418","1":"product","2":"type-product","3":"status-publish","4":"has-post-thumbnail","6":"product_cat-download","7":"pa_arranger-morgan-huw","8":"pa_composer-delibes-leo","9":"pa_instrumentation-horn-piano","10":"pa_length-less-than-5-mins","11":"pa_series-vocalise-series-horn","12":"pa_style-romantic","13":"pa_type-sheet-music-download-download","15":"first","16":"instock","17":"downloadable","18":"virtual","19":"purchasable","20":"product-type-simple"},"jetpack_sharing_enabled":true,"_links":{"self":[{"href":"https:\/\/resonatamusic.com\/index.php?rest_route=\/wp\/v2\/product\/3418","targetHints":{"allow":["GET"]}}],"collection":[{"href":"https:\/\/resonatamusic.com\/index.php?rest_route=\/wp\/v2\/product"}],"about":[{"href":"https:\/\/resonatamusic.com\/index.php?rest_route=\/wp\/v2\/types\/product"}],"replies":[{"embeddable":true,"href":"https:\/\/resonatamusic.com\/index.php?rest_route=%2Fwp%2Fv2%2Fcomments&post=3418"}],"wp:featuredmedia":[{"embeddable":true,"href":"https:\/\/resonatamusic.com\/index.php?rest_route=\/wp\/v2\/media\/2353"}],"wp:attachment":[{"href":"https:\/\/resonatamusic.com\/index.php?rest_route=%2Fwp%2Fv2%2Fmedia&parent=3418"}],"wp:term":[{"taxonomy":"product_brand","embeddable":true,"href":"https:\/\/resonatamusic.com\/index.php?rest_route=%2Fwp%2Fv2%2Fproduct_brand&post=3418"},{"taxonomy":"product_cat","embeddable":true,"href":"https:\/\/resonatamusic.com\/index.php?rest_route=%2Fwp%2Fv2%2Fproduct_cat&post=3418"},{"taxonomy":"product_tag","embeddable":true,"href":"https:\/\/resonatamusic.com\/index.php?rest_route=%2Fwp%2Fv2%2Fproduct_tag&post=3418"}],"curies":[{"name":"wp","href":"https:\/\/api.w.org\/{rel}","templated":true}]}}