{"id":3269,"date":"2022-04-11T10:08:46","date_gmt":"2022-04-11T10:08:46","guid":{"rendered":"https:\/\/resonatamusic.com\/?post_type=product&#038;p=3269"},"modified":"2023-02-11T16:53:47","modified_gmt":"2023-02-11T16:53:47","slug":"saint-saens-mon-coeur-souvre-a-ta-voix-for-trombone-piano-pdf-download","status":"publish","type":"product","link":"https:\/\/resonatamusic.com\/?product=saint-saens-mon-coeur-souvre-a-ta-voix-for-trombone-piano-pdf-download","title":{"rendered":"Saint-Sa\u00ebns &#8211; Mon coeur s&#8217;ouvre \u00e0 ta voix for Trombone &#038; Piano (PDF Download)"},"content":{"rendered":"<p>A musical prodigy, Saint-Sa\u00ebns studied at the Paris Conservatoire, and upon graduation\u00a0 became the organist at the church of Saint-Merri, later holding the same post at La Madeleine (the official church of the French Empire). He was revered for his skills not only as an organist, but also as a virtuoso pianist, conductor, and composer. Among his most famous works are various symphonies and tone poems, five piano concerti, and a plethora of chamber music, including the sparkling <i>Septet, Op. 65<\/i>, for trumpet, string quintet, and piano.<\/p>\n<p>His opera, <i>Samson &amp; Dalila, Op. 47<\/i> was written in 1877 to a libretto by Ferdinand Lemaire, and recounts the biblical story found in the book of Judges. Premiered in Weimar, the work gained huge international acclaim in the 1890s, with productions around the globe, including at La Scala, the Metropolitan Opera House, and the Royal Opera House, Covent Garden.<\/p>\n<p>The aria \u2018Mon coeur s\u2019ouvre \u00e0 ta voix\u2019 (often translated as \u2018softly, awakes my heart\u2019) is sung towards the end of Act II by Dalila (one of the great operatic mezzo-soprano roles), as she attempts to seduce Samson into revealing the secret of his strength. Its suave and elegant melody is underpinned by a sumptuous accompaniment that yields only in the second verse, where a descending chromatic passage depicts the serpentine deceit of Dalila\u2019s actions, luring Samson to his ruin.<\/p>\n<p>Parts included:<\/p>\n<ul>\n<li>Piano<\/li>\n<li>Trombone<\/li>\n<\/ul>\n<p>Purchasing this product entitles you to download it three times. You will receive an email with a link to download your files upon completing payment.<\/p>\n","protected":false},"excerpt":{"rendered":"<p>A musical prodigy, Saint-Sa\u00ebns studied at the Paris Conservatoire, and upon graduation\u00a0 became the organist at the church of Saint-Merri, later holding the same post at La Madeleine (the official church of the French Empire). He was revered for his skills not only as an organist, but also as a virtuoso pianist, conductor, and composer.  [&#8230;]<\/p>\n","protected":false},"featured_media":2220,"comment_status":"closed","ping_status":"closed","template":"","meta":[],"product_brand":[],"product_cat":[1024],"product_tag":[],"class_list":{"0":"post-3269","1":"product","2":"type-product","3":"status-publish","4":"has-post-thumbnail","6":"product_cat-download","7":"pa_arranger-morgan-huw","8":"pa_composer-saint-saens-camille","9":"pa_instrumentation-trombone-piano","10":"pa_length-5-10-mins","11":"pa_series-vocalise-series-trombone","12":"pa_style-romantic","13":"pa_type-sheet-music-download-download","15":"first","16":"instock","17":"downloadable","18":"virtual","19":"purchasable","20":"product-type-simple"},"jetpack_sharing_enabled":true,"_links":{"self":[{"href":"https:\/\/resonatamusic.com\/index.php?rest_route=\/wp\/v2\/product\/3269","targetHints":{"allow":["GET"]}}],"collection":[{"href":"https:\/\/resonatamusic.com\/index.php?rest_route=\/wp\/v2\/product"}],"about":[{"href":"https:\/\/resonatamusic.com\/index.php?rest_route=\/wp\/v2\/types\/product"}],"replies":[{"embeddable":true,"href":"https:\/\/resonatamusic.com\/index.php?rest_route=%2Fwp%2Fv2%2Fcomments&post=3269"}],"wp:featuredmedia":[{"embeddable":true,"href":"https:\/\/resonatamusic.com\/index.php?rest_route=\/wp\/v2\/media\/2220"}],"wp:attachment":[{"href":"https:\/\/resonatamusic.com\/index.php?rest_route=%2Fwp%2Fv2%2Fmedia&parent=3269"}],"wp:term":[{"taxonomy":"product_brand","embeddable":true,"href":"https:\/\/resonatamusic.com\/index.php?rest_route=%2Fwp%2Fv2%2Fproduct_brand&post=3269"},{"taxonomy":"product_cat","embeddable":true,"href":"https:\/\/resonatamusic.com\/index.php?rest_route=%2Fwp%2Fv2%2Fproduct_cat&post=3269"},{"taxonomy":"product_tag","embeddable":true,"href":"https:\/\/resonatamusic.com\/index.php?rest_route=%2Fwp%2Fv2%2Fproduct_tag&post=3269"}],"curies":[{"name":"wp","href":"https:\/\/api.w.org\/{rel}","templated":true}]}}